{"id":7373,"date":"2021-09-20T11:52:42","date_gmt":"2021-09-20T09:52:42","guid":{"rendered":"https:\/\/blog.ac-lyon.fr\/?page_id=7373"},"modified":"2022-11-08T16:43:15","modified_gmt":"2022-11-08T15:43:15","slug":"mentions-legales","status":"publish","type":"page","link":"https:\/\/culturesport.blog.ac-lyon.fr\/wordpress\/mentions-legales\/","title":{"rendered":"Mentions l\u00e9gales"},"content":{"rendered":"\n<p>L\u2019affichage des mentions l\u00e9gales est une obligation aussi bien pour les sites internet professionnels que pour les sites personnels, en vertu de la loi du 21 juin 2004 pour la confiance dans l\u2019\u00e9conomie (LCEN) num\u00e9rique. En vertu de cette loi, voici les coordonn\u00e9es de l&rsquo;\u00e9diteur et du prestataire qui accueille le site : https:\/\/culturesport.blog.ac-lyon.fr.<\/p>\n\n\n\n<h2 class=\"wp-block-heading\">\u00c9diteur<\/h2>\n\n\n\n<p class=\"has-bleu-dane-color has-text-color\"><a href=\"https:\/\/jacob-holtzer.ent.auvergnerhonealpes.fr\/\">Cit\u00e9 scolaire Jacob Holtzer<\/a>, 5 rue Michelet, 42704 Firminy. T\u00e9l\u00e9phone : +33 4 77 10 17 30<span style=\"color:#1CACFF\" class=\"tadv-color\"><\/span><\/p>\n\n\n\n<h4 class=\"wp-block-heading\">Direction de publication<\/h4>\n\n\n\n<p class=\"has-bleu-dane-color has-text-color\">Charles Tardy, Proviseur<\/p>\n\n\n\n<h4 class=\"wp-block-heading\">Responsabilit\u00e9 \u00e9ditoriale<\/h4>\n\n\n\n<p>Marie Blondiau, professeur documentaliste<\/p>\n\n\n\n<p>Virginie Barlet, professeur d&rsquo;EPS<\/p>\n\n\n\n<p>Richard Seon, professeur d&rsquo;EPS<\/p>\n\n\n\n<h4 class=\"wp-block-heading\">Webmestre <\/h4>\n\n\n\n<p>Marie Blondiau, professeur documentaliste<\/p>\n\n\n\n<h2 class=\"wp-block-heading\">Droits d&rsquo;auteur et droits de reproduction du contenu mis en ligne<\/h2>\n\n\n\n<h4 class=\"wp-block-heading\">Demande d&rsquo;autorisation de reproduction du logo<\/h4>\n\n\n\n<p>L&rsquo;utilisation du logotype du rectorat de l&rsquo;acad\u00e9mie de Lyon<span style=\"color:#1CACFF\" class=\"tadv-color\"> <\/span>ou de la cit\u00e9 scolaire Jacob Holtzer est soumise \u00e0 autorisation. Elle ne pourra en aucun cas \u00eatre accord\u00e9e \u00e0 une demande concernant les sites priv\u00e9s, personnels ou commerciaux hors partenariat avec la cit\u00e9 scolaire Jacob Holtzer<span style=\"color:#1CACFF\" class=\"tadv-color\"><\/span>. Dans le cas contraire, contacter le directeur de publication.<\/p>\n\n\n\n<h4 class=\"wp-block-heading\">Demande d&rsquo;autorisation de reproduction des contenus<\/h4>\n\n\n\n<p>Toute copie partielle ou int\u00e9grale du site <a href=\"http:\/\/culturesport.blog.ac-lyon.fr\">culturesport.blog.ac-lyon.fr<\/a> doit faire l&rsquo;objet d&rsquo;une d\u00e9claration aupr\u00e8s du directeur de publication.<\/p>\n\n\n\n<p>Les demandes d&rsquo;autorisation doivent \u00eatre adress\u00e9es \u00e0 :<span style=\"color:#1CACFF\" class=\"tadv-color\"> <\/span>Cit\u00e9 scolaire Jacob Holtzer, 5 rue Michelet, 42704 Firminy<span style=\"color:#1CACFF\" class=\"tadv-color\">.<\/span><\/p>\n\n\n\n<p>La demande devra pr\u00e9ciser le contenu vis\u00e9 ainsi que la publication ou le site sur lequel ce dernier figurera. Une fois cette autorisation obtenue, la reproduction d&rsquo;un contenu doit ob\u00e9ir aux principes suivants :<\/p>\n\n\n\n<ul class=\"wp-block-list\">\n<li>gratuit\u00e9 de la diffusion ;<\/li>\n\n\n\n<li>respect de l&rsquo;int\u00e9grit\u00e9 des documents reproduits (aucune modification, ni alt\u00e9ration d&rsquo;aucune sorte) ;<\/li>\n\n\n\n<li>mention obligatoire : \u00ab\u00a0<a href=\"http:\/\/culturesport.blog.ac-lyon.fr\">\u00a9culturesport.blog.ac-lyon.fr<span style=\"color:#1CACFF\" class=\"tadv-color\"><\/span> <\/a>&#8211; acad\u00e9mie de Lyon &#8211; droits r\u00e9serv\u00e9s\u00a0\u00bb. Cette mention pointera gr\u00e2ce \u00e0 un lien hypertexte directement sur le contenu.<\/li>\n\n\n\n<li>insertion d&rsquo;une ic\u00f4ne repr\u00e9sentant le site internet.<\/li>\n<\/ul>\n\n\n\n<p>Les organismes sous tutelle ainsi que les autres minist\u00e8res sont dispens\u00e9s de cette demande d&rsquo;autorisation sous r\u00e9serve d&rsquo;insertion de la mention \u00ab\u00a0<a href=\"http:\/\/culturesport.blog.ac-lyon.fr\">\u00a9culturesport.blog.ac-lyon.fr<span style=\"color:#1CACFF\" class=\"tadv-color\"><\/span><\/a> &#8211; acad\u00e9mie de Lyon &#8211; droits r\u00e9serv\u00e9s\u00a0\u00bb. Cette mention pointera gr\u00e2ce \u00e0 un lien hypertexte directement sur le contenu.<\/p>\n\n\n\n<h2 class=\"wp-block-heading\">Cr\u00e9dits photographiques<\/h2>\n\n\n\n<p>Ce blog utilise <\/p>\n\n\n\n<ul class=\"wp-block-list\">\n<li>des images en provenance du site <a rel=\"noreferrer noopener\" href=\"https:\/\/pixabay.com\/fr\/\" target=\"_blank\">pixabay.com\/fr<\/a> sous licence <a rel=\"noopener\" href=\"https:\/\/pixabay.com\/fr\/service\/license\/\" target=\"_blank\">Pixabay License<\/a> (libre pour usage commercial &#8211; pas d&rsquo;attribution requise) ;<\/li>\n\n\n\n<li>des images cr\u00e9\u00e9es par et pour la cit\u00e9 scolaire Jacob Holtzer<span style=\"color:#1CACFF\" class=\"tadv-color\"><\/span> qui est titulaire des droits relatifs \u00e0 leur propri\u00e9t\u00e9 intellectuelle.<\/li>\n<\/ul>\n\n\n\n<h2 class=\"wp-block-heading\">Cr\u00e9dits vid\u00e9os<\/h2>\n\n\n\n<p>La cit\u00e9 scolaire Jacob Holtzer est titulaire des droits relatifs \u00e0 la propri\u00e9t\u00e9 intellectuelle des sons et vid\u00e9os figurant sur l&rsquo;ensemble du site (sauf mention contraire).<\/p>\n\n\n\n<h2 class=\"wp-block-heading\">Responsabilit\u00e9 face aux liens vers d&rsquo;autres sites<\/h2>\n\n\n\n<p>Le site <a href=\"http:\/\/culturesport.blog.ac-lyon.fr\">culturesport.blog.ac-lyon.fr<\/a><span style=\"color:#1CACFF\" class=\"tadv-color\"><\/span><span style=\"color:#1CACFF\" class=\"tadv-color\"><\/span> propose de nombreux liens vers d&rsquo;autres sites, essentiellement des sites officiels (gouvernement, institutions, organismes publics, etc.) mais aussi vers des sites, fran\u00e7ais ou \u00e9trangers, d&rsquo;associations, d&rsquo;organismes professionnels du secteur \u00e9ducatif ou d&rsquo;entreprises partenaires sur des op\u00e9rations ponctuelles.<\/p>\n\n\n\n<p>Il est pr\u00e9cis\u00e9 vers quel site nous vous proposons d&rsquo;aller. Ces pages, dont les adresses sont r\u00e9guli\u00e8rement v\u00e9rifi\u00e9es, ne font pas partie du site des \u00e9l\u00e8ves de la sp\u00e9cialit\u00e9 EPPCS de la cit\u00e9 scolaire Jacob Holtzer<span style=\"color:#1CACFF\" class=\"tadv-color\"><\/span> : elles n&rsquo;engagent pas la responsabilit\u00e9 de la r\u00e9daction du site qui ne peut \u00eatre tenue pour responsable des contenus vers lesquels ces liens pointent. Ils ne visent qu&rsquo;\u00e0 permettre \u00e0 l&rsquo;internaute d&rsquo;acc\u00e9der plus facilement \u00e0 d&rsquo;autres ressources documentaires sur le sujet consult\u00e9.<\/p>\n\n\n\n<h2 class=\"wp-block-heading\">Cr\u00e9ation de liens depuis le site <a href=\"http:\/\/culturesport.blog.ac-lyon.fr\">culturesport.blog.ac-lyon.fr<span style=\"color:#1CACFF\" class=\"tadv-color\"><\/span><span style=\"color:#1CACFF\" class=\"tadv-color\"><\/span><\/a><\/h2>\n\n\n\n<p>Aucune d\u00e9marche de liens vers des sites priv\u00e9s, personnels ou commerciaux ne sera satisfaite.<\/p>\n\n\n\n<h2 class=\"wp-block-heading\">Accessibilit\u00e9s du site<\/h2>\n\n\n\n<p>Les pages sont mises progressivement en conformit\u00e9 avec les recommandations du r\u00e9f\u00e9rentiel commun des crit\u00e8res d&rsquo;accessibilit\u00e9 des services Internet de l&rsquo;administration fran\u00e7aise pour respecter la loi n\u00b02005-102 du 11 f\u00e9vrier 2005 pour l&rsquo;\u00e9galit\u00e9 des droits et des chances, la participation et la citoyennet\u00e9 des personnes handicap\u00e9es.<\/p>\n\n\n\n<h2 class=\"wp-block-heading\">Nous contacter<\/h2>\n\n\n\n<p><span style=\"color:#1CACFF\" class=\"tadv-color\"><\/span><a href=\"https:\/\/jacob-holtzer.ent.auvergnerhonealpes.fr\/\">Cit\u00e9 scolaire Jacob Holtzer<\/a>, 5 rue Michelet, 42704 Firminy. T\u00e9l\u00e9phone : +33 4 77 10 17 30<span style=\"color:#1CACFF\" class=\"tadv-color\"><\/span><\/p>\n\n\n\n<h2 class=\"wp-block-heading\">Litiges<\/h2>\n\n\n\n<p>En cas de litige, il conviendra de saisir le tribunal comp\u00e9tent.<\/p>\n","protected":false},"excerpt":{"rendered":"<p>L\u2019affichage des mentions l\u00e9gales est une obligation aussi bien pour les sites internet professionnels que pour les sites personnels, en&hellip;<\/p>\n","protected":false},"author":5,"featured_media":0,"parent":0,"menu_order":0,"comment_status":"closed","ping_status":"closed","template":"","meta":{"advgb_blocks_editor_width":"","advgb_blocks_columns_visual_guide":"","footnotes":""},"class_list":["post-7373","page","type-page","status-publish","hentry"],"coauthors":[],"author_meta":{"author_link":"https:\/\/culturesport.blog.ac-lyon.fr\/wordpress\/author\/daneblog\/","display_name":"Webmestre acad\u00e9mique"},"relative_dates":{"created":"Publi\u00e9 5 ans il y a","modified":"Mis \u00e0 jour 3 ans il y a"},"absolute_dates":{"created":"Publi\u00e9 le 20\/09\/2021","modified":"Mise \u00e0 jour le 08\/11\/2022"},"absolute_dates_time":{"created":"Publi\u00e9 le 20\/09\/2021 11 h 52 min","modified":"Mise \u00e0 jour le 08\/11\/2022 16 h 43 min"},"featured_img_caption":"","featured_img":false,"series_order":"","_links":{"self":[{"href":"https:\/\/culturesport.blog.ac-lyon.fr\/wordpress\/wp-json\/wp\/v2\/pages\/7373","targetHints":{"allow":["GET"]}}],"collection":[{"href":"https:\/\/culturesport.blog.ac-lyon.fr\/wordpress\/wp-json\/wp\/v2\/pages"}],"about":[{"href":"https:\/\/culturesport.blog.ac-lyon.fr\/wordpress\/wp-json\/wp\/v2\/types\/page"}],"author":[{"embeddable":true,"href":"https:\/\/culturesport.blog.ac-lyon.fr\/wordpress\/wp-json\/wp\/v2\/users\/5"}],"replies":[{"embeddable":true,"href":"https:\/\/culturesport.blog.ac-lyon.fr\/wordpress\/wp-json\/wp\/v2\/comments?post=7373"}],"version-history":[{"count":6,"href":"https:\/\/culturesport.blog.ac-lyon.fr\/wordpress\/wp-json\/wp\/v2\/pages\/7373\/revisions"}],"predecessor-version":[{"id":7604,"href":"https:\/\/culturesport.blog.ac-lyon.fr\/wordpress\/wp-json\/wp\/v2\/pages\/7373\/revisions\/7604"}],"wp:attachment":[{"href":"https:\/\/culturesport.blog.ac-lyon.fr\/wordpress\/wp-json\/wp\/v2\/media?parent=7373"}],"curies":[{"name":"wp","href":"https:\/\/api.w.org\/{rel}","templated":true}]}}